{"id":2251,"date":"2013-06-18T17:29:28","date_gmt":"2013-06-18T17:29:28","guid":{"rendered":"http:\/\/www.kriesi.at\/themes\/enfold\/?page_id=2251"},"modified":"2021-02-25T13:12:27","modified_gmt":"2021-02-25T13:12:27","slug":"home-v7-one-page-portfolio","status":"publish","type":"page","link":"https:\/\/grcconsultoria.eng.br\/","title":{"rendered":"Home"},"content":{"rendered":"<div id='fullscreen_slider_0' class='avia-fullscreen-slider main_color  container_wrap sidebar_right'   ><div  data-size='extra_large'  data-lightbox_size='large'  data-animation='fade'  data-ids='3415'  data-video_counter='0'  data-autoplay='true'  data-bg_slider='true'  data-slide_height='100'  data-handle='av_fullscreen'  data-interval='5'  data-class=' '  data-css_id='fullscreen_slider_0'  data-scroll_down=''  data-control_layout='av-control-default'  data-custom_markup=''  data-perma_caption=''  data-autoplay_stopper=''  data-image_attachment=''  data-stretch=''  data-default-height='100'  class='avia-slideshow avia-slideshow-1  av-control-default av-default-height-applied avia-slideshow-extra_large av_fullscreen   avia-fade-slider '  itemscope=\"itemscope\" itemtype=\"https:\/\/schema.org\/ImageObject\" ><ul class='avia-slideshow-inner' style='padding-bottom: 42%;'><li style='background-position:center center;' data-img-url='https:\/\/grcconsultoria.eng.br\/wp-content\/uploads\/2013\/06\/Ret_banner-1500x630.jpg' class=' av-single-slide slide-1 ' ><div data-rel='slideshow-1' class='avia-slide-wrap'  ><div class = \"caption_fullwidth av-slideshow-caption caption_left caption_left_framed caption_framed\"><div class = \"container caption_container\"><div class = \"slideshow_caption\"><div class = \"slideshow_inner_caption\"><div class = \"slideshow_align_caption\"><h2  style='font-size:30px; ' class='avia-caption-title'  itemprop=\"name\" >GRC Consultoria &amp; Treinamento<\/h2><div class='avia-caption-content av_inherit_color'  itemprop=\"description\"   style='font-size:17px; '><p>Seu crescimento \u00e9 o nosso projeto.<\/p>\n<\/div><\/div><\/div><\/div><\/div><\/div><\/div><\/li><\/ul><\/div><\/div>\n<\/div><\/div><\/div><!-- close content main div --><\/div><\/div><div id='av_section_1' class='avia-section main_color avia-section-no-padding avia-no-border-styling av-parallax-section avia-bg-style-parallax  av-minimum-height av-minimum-height-custom container_wrap sidebar_right' style = 'background-color: #f8f8f8; ' data-section-bg-repeat='no-repeat' ><div class='av-parallax' data-avia-parallax-ratio='0.3' ><div class='av-parallax-inner main_color  avia-full-stretch' style = 'background-color: #f8f8f8; background-repeat: no-repeat; background-image: url(https:\/\/grcconsultoria.eng.br\/wp-content\/uploads\/2013\/06\/icone-marca.png); background-attachment: scroll; background-position: top left; ' ><\/div><\/div><div class='container' style='height:199px'><div class='template-page content  av-content-small alpha units'><div class='post-entry post-entry-type-page post-entry-2251'><div class='entry-content-wrapper clearfix'>\n<section class=\"av_textblock_section\"  itemscope=\"itemscope\" itemtype=\"https:\/\/schema.org\/CreativeWork\" ><div class='avia_textblock '   itemprop=\"text\" ><h2 style=\"text-align: center;\">N\u00f3s temos as melhores solu\u00e7\u00f5es para a sua emrpresa<\/h2>\n<\/div><\/section>\n<\/div><\/div><\/div><!-- close content main div --><\/div><\/div><div id='after_section_1' class='main_color av_default_container_wrap container_wrap sidebar_right'   ><div class='container' ><div class='template-page content  av-content-small alpha units'><div class='post-entry post-entry-type-page post-entry-2251'><div class='entry-content-wrapper clearfix'>\n<\/div><\/div><\/div><!-- close content main div --><\/div><\/div><div id='av_section_2' class='avia-section main_color avia-section-default avia-no-shadow avia-bg-style-scroll  container_wrap sidebar_right' style = 'background-color: #7bb0e7; background-color: #7bb0e7; '  ><div class='container' ><div class='template-page content  av-content-small alpha units'><div class='post-entry post-entry-type-page post-entry-2251'><div class='entry-content-wrapper clearfix'>\n<div class=\"flex_column av_one_third  flex_column_div av-zero-column-padding first  \" style='border-radius:0px; '><p><div class='avia-image-container  av-styling- av-hover-grow  avia-align-center '  itemscope=\"itemscope\" itemtype=\"https:\/\/schema.org\/ImageObject\"  ><div class='avia-image-container-inner'><img class='avia_image ' src='https:\/\/grcconsultoria.eng.br\/wp-content\/uploads\/2017\/01\/gestaodeprocessos01-300x194.jpg' alt='' title='gestaodeprocessos01'   itemprop=\"contentURL\"  \/><\/div><\/div><br \/>\n<section class=\"av_textblock_section\"  itemscope=\"itemscope\" itemtype=\"https:\/\/schema.org\/CreativeWork\" ><div class='avia_textblock '   itemprop=\"text\" ><h4 style=\"text-align: left;\"><strong><span class=\"av_dropcap2 \" style=\"background-color:blue\"><\/span>Gest\u00e3o de Processos<\/strong><\/h4>\n<\/div><\/section><\/p><\/div><div class=\"flex_column av_one_third  flex_column_div av-zero-column-padding   \" style='border-radius:0px; '><p><div class='avia-image-container  av-styling- av-hover-grow  avia-align-center '  itemscope=\"itemscope\" itemtype=\"https:\/\/schema.org\/ImageObject\"  ><div class='avia-image-container-inner'><img class='avia_image ' src='https:\/\/grcconsultoria.eng.br\/wp-content\/uploads\/2013\/06\/mapeamentodeprocessos00-1-300x200.jpg' alt='' title='mapeamentodeprocessos00'   itemprop=\"contentURL\"  \/><\/div><\/div><br \/>\n<section class=\"av_textblock_section\"  itemscope=\"itemscope\" itemtype=\"https:\/\/schema.org\/CreativeWork\" ><div class='avia_textblock '   itemprop=\"text\" ><h4 style=\"text-align: left;\"><strong><span class=\"av_dropcap2 \" style=\"background-color:blue\"><\/span>Mapeamento de Processos<\/strong><\/h4>\n<\/div><\/section><\/p><\/div><div class=\"flex_column av_one_third  flex_column_div av-zero-column-padding   \" style='border-radius:0px; '><p><div class='avia-image-container  av-styling- av-hover-grow  avia-align-center '  itemscope=\"itemscope\" itemtype=\"https:\/\/schema.org\/ImageObject\"  ><div class='avia-image-container-inner'><img class='avia_image ' src='https:\/\/grcconsultoria.eng.br\/wp-content\/uploads\/2017\/01\/estrategiaempresarial02-300x200.jpg' alt='' title='estrategiaempresarial02'   itemprop=\"contentURL\"  \/><\/div><\/div><br \/>\n<section class=\"av_textblock_section\"  itemscope=\"itemscope\" itemtype=\"https:\/\/schema.org\/CreativeWork\" ><div class='avia_textblock '   itemprop=\"text\" ><h4 style=\"text-align: left;\"><strong><span class=\"av_dropcap2 \" style=\"background-color:blue\"><\/span>Estrat\u00e9gia Empresarial<\/strong><\/h4>\n<\/div><\/section><\/p><\/div><div class=\"flex_column av_one_third  flex_column_div av-zero-column-padding first  \" style='border-radius:0px; '><p><div class='avia-image-container  av-styling- av-hover-grow  avia-align-center '  itemscope=\"itemscope\" itemtype=\"https:\/\/schema.org\/ImageObject\"  ><div class='avia-image-container-inner'><img class='avia_image ' src='https:\/\/grcconsultoria.eng.br\/wp-content\/uploads\/2017\/01\/engenhariacivil01-300x200.jpg' alt='' title='engenhariacivil01'   itemprop=\"contentURL\"  \/><\/div><\/div><br \/>\n<section class=\"av_textblock_section\"  itemscope=\"itemscope\" itemtype=\"https:\/\/schema.org\/CreativeWork\" ><div class='avia_textblock '   itemprop=\"text\" ><h4 style=\"text-align: left;\"><strong><span class=\"av_dropcap2 \" style=\"background-color:blue\"><\/span>Layout e Arranjo F\u00edsico<\/strong><\/h4>\n<\/div><\/section><\/p><\/div><div class=\"flex_column av_one_third  flex_column_div av-zero-column-padding   \" style='border-radius:0px; '><p><div class='avia-image-container  av-styling- av-hover-grow  avia-align-center '  itemscope=\"itemscope\" itemtype=\"https:\/\/schema.org\/ImageObject\"  ><div class='avia-image-container-inner'><img class='avia_image ' src='https:\/\/grcconsultoria.eng.br\/wp-content\/uploads\/2013\/06\/controledeestoque00-300x200.jpg' alt='' title='controledeestoque00'   itemprop=\"contentURL\"  \/><\/div><\/div><br \/>\n<section class=\"av_textblock_section\"  itemscope=\"itemscope\" itemtype=\"https:\/\/schema.org\/CreativeWork\" ><div class='avia_textblock '   itemprop=\"text\" ><h4 style=\"text-align: left;\"><strong><span class=\"av_dropcap2 \" style=\"background-color:blue\"><\/span>Gest\u00e3o de Opera\u00e7\u00f5es e Estoque<\/strong><\/h4>\n<\/div><\/section><\/p><\/div><div class=\"flex_column av_one_third  flex_column_div av-zero-column-padding   \" style='border-radius:0px; '><p><div class='avia-image-container  av-styling- av-hover-grow  avia-align-center '  itemscope=\"itemscope\" itemtype=\"https:\/\/schema.org\/ImageObject\"  ><div class='avia-image-container-inner'><img class='avia_image ' src='https:\/\/grcconsultoria.eng.br\/wp-content\/uploads\/2013\/06\/treinamento-1-300x201.jpg' alt='' title='treinamento'   itemprop=\"contentURL\"  \/><\/div><\/div><br \/>\n<section class=\"av_textblock_section\"  itemscope=\"itemscope\" itemtype=\"https:\/\/schema.org\/CreativeWork\" ><div class='avia_textblock '   itemprop=\"text\" ><h4 style=\"text-align: left;\"><strong><span class=\"av_dropcap2 \" style=\"background-color:blue\"><\/span>Treinamento<\/strong><\/h4>\n<\/div><\/section><\/p><\/div>\n<\/div><\/div><\/div><!-- close content main div --><\/div><\/div><div id='after_section_2' class='main_color av_default_container_wrap container_wrap sidebar_right'   ><div class='container' ><div class='template-page content  av-content-small alpha units'><div class='post-entry post-entry-type-page post-entry-2251'><div class='entry-content-wrapper clearfix'>\n<\/div><\/div><\/div><!-- close content main div --><\/div><\/div><div id='av_section_3' class='avia-section main_color avia-section-huge avia-no-shadow avia-full-stretch avia-bg-style-fixed  container_wrap sidebar_right' style = 'background-repeat: no-repeat; background-image: url(https:\/\/grcconsultoria.eng.br\/wp-content\/uploads\/2013\/06\/fundo00-845x321.jpg); background-attachment: fixed; background-position: top left; ' data-section-bg-repeat='stretch' ><div class='container' ><div class='template-page content  av-content-small alpha units'><div class='post-entry post-entry-type-page post-entry-2251'><div class='entry-content-wrapper clearfix'>\n<div style='height:100px' class='hr hr-invisible '><span class='hr-inner ' ><span class='hr-inner-style'><\/span><\/span><\/div>\n<\/div><\/div><\/div><!-- close content main div --><\/div><\/div><div id='after_section_3' class='main_color av_default_container_wrap container_wrap sidebar_right'   ><div class='container' ><div class='template-page content  av-content-small alpha units'><div class='post-entry post-entry-type-page post-entry-2251'><div class='entry-content-wrapper clearfix'>\n<\/div><\/div><\/div><!-- close content main div --><\/div><\/div><div id='testimonials' class='avia-section alternate_color avia-section-large avia-shadow avia-bg-style-scroll  container_wrap sidebar_right'   ><div class='container' ><div class='template-page content  av-content-small alpha units'><div class='post-entry post-entry-type-page post-entry-2251'><div class='entry-content-wrapper clearfix'>\n<section class=\"av_textblock_section\"  itemscope=\"itemscope\" itemtype=\"https:\/\/schema.org\/CreativeWork\" ><div class='avia_textblock '   itemprop=\"text\" ><h2 style=\"text-align: center;\">Depoimentos<\/h2>\n<\/div><\/section>\n<div  class='hr hr-short hr-center '><span class='hr-inner ' ><span class='hr-inner-style'><\/span><\/span><\/div>\n<div  data-autoplay='1'  data-interval='5'  data-animation='fade'  data-hoverpause='1'  class='avia-testimonial-wrapper avia-grid-testimonials avia-grid-2-testimonials avia_animate_when_almost_visible '>\n<section class ='avia-testimonial-row'><div class='avia-testimonial av_one_half flex_column no_margin avia-testimonial-row-1 avia-first-testimonial'  itemscope=\"itemscope\" itemtype=\"https:\/\/schema.org\/Person\" ><div class='avia-testimonial_inner'><div class='avia-testimonial-image'  itemprop=\"image\" ><img width=\"146\" height=\"146\" src=\"https:\/\/grcconsultoria.eng.br\/wp-content\/uploads\/2017\/01\/img_cervejaria.png\" class=\"attachment-square size-square\" alt=\"Ciro Jales de Carvalho\" decoding=\"async\" loading=\"lazy\" srcset=\"https:\/\/grcconsultoria.eng.br\/wp-content\/uploads\/2017\/01\/img_cervejaria.png 146w, https:\/\/grcconsultoria.eng.br\/wp-content\/uploads\/2017\/01\/img_cervejaria-80x80.png 80w, https:\/\/grcconsultoria.eng.br\/wp-content\/uploads\/2017\/01\/img_cervejaria-36x36.png 36w, https:\/\/grcconsultoria.eng.br\/wp-content\/uploads\/2017\/01\/img_cervejaria-120x120.png 120w\" sizes=\"(max-width: 146px) 100vw, 146px\" \/><\/div><div class='avia-testimonial-content '    itemscope=\"itemscope\" itemtype=\"https:\/\/schema.org\/CreativeWork\" ><p>\u201cA GRC executou um trabalho buscando solu\u00e7\u00f5es eficientes, analisando a necessidade da nossa empresa. Vivenciaram a realidade e as restri\u00e7\u00f5es do nosso processo e atrav\u00e9s disso nos proporcionaram um resultado com recursos customizados, que nos fazem ter um controle preciso das nossas opera\u00e7\u00f5es.\u201d<\/p>\n<\/div><div class='avia-testimonial-meta'><div class='avia-testimonial-arrow-wrap'><div class='avia-arrow'><\/div><\/div><div class='avia-testimonial-meta-mini'><strong  class='avia-testimonial-name'    itemprop=\"name\" >Ciro Jales de Carvalho<\/strong><span  class='avia-testimonial-subtitle '    itemprop=\"jobTitle\" >CERVEJARIA BACURIM - S\u00f3cio Diretor<\/span><span class='hidden avia-testimonial-markup-link'   itemprop=\"url\" >http:\/\/www.wikipedia.com<\/span> &ndash; <a class='aviablank avia-testimonial-link' href='http:\/\/www.wikipedia.com' >Doom Inc<\/a><\/div><\/div><\/div><\/div>\n<div class='avia-testimonial av_one_half flex_column no_margin avia-testimonial-row-1 avia-last-testimonial'  itemscope=\"itemscope\" itemtype=\"https:\/\/schema.org\/Person\" ><div class='avia-testimonial_inner'><div class='avia-testimonial-image'  itemprop=\"image\" ><img width=\"146\" height=\"146\" src=\"https:\/\/grcconsultoria.eng.br\/wp-content\/uploads\/2017\/01\/img_academico.png\" class=\"attachment-square size-square\" alt=\"Victor Lopes \" decoding=\"async\" loading=\"lazy\" srcset=\"https:\/\/grcconsultoria.eng.br\/wp-content\/uploads\/2017\/01\/img_academico.png 146w, https:\/\/grcconsultoria.eng.br\/wp-content\/uploads\/2017\/01\/img_academico-80x80.png 80w, https:\/\/grcconsultoria.eng.br\/wp-content\/uploads\/2017\/01\/img_academico-36x36.png 36w, https:\/\/grcconsultoria.eng.br\/wp-content\/uploads\/2017\/01\/img_academico-120x120.png 120w\" sizes=\"(max-width: 146px) 100vw, 146px\" \/><\/div><div class='avia-testimonial-content '    itemscope=\"itemscope\" itemtype=\"https:\/\/schema.org\/CreativeWork\" ><p>&#8220;O curso de MS Projetct foi essencial para\u00a0meu curr\u00edculo, visto que, diversas\u00a0empresas est\u00e3o vislumbrando a necessidade de atuarem de maneira organizada, guiando suas a\u00e7\u00f5es por meio de projetos, fazendo esse software, um diferencial para qualquer profissional que venha atuar com projetos. A GRC ofereceu todo suporte necess\u00e1rio, com professores qualificados, uma ementa bem estruturada atendendo todos os pontos divulgados e com um material did\u00e1tico f\u00e1cil e pr\u00e1tico.&#8221;<\/p>\n<\/div><div class='avia-testimonial-meta'><div class='avia-testimonial-arrow-wrap'><div class='avia-arrow'><\/div><\/div><div class='avia-testimonial-meta-mini'><strong  class='avia-testimonial-name'    itemprop=\"name\" >Victor Lopes <\/strong><span  class='avia-testimonial-subtitle '    itemprop=\"jobTitle\" >Presidente do Centro Acad\u00eamico de Engenharia de Produ\u00e7\u00e3o da UFERSA<\/span><\/div><\/div><\/div><\/div><\/section>\n<\/div>\n<\/div><\/div><\/div><!-- close content main div --><\/div><\/div><div id='after_section_4' class='main_color av_default_container_wrap container_wrap sidebar_right'   ><div class='container' ><div class='template-page content  av-content-small alpha units'><div class='post-entry post-entry-type-page post-entry-2251'><div class='entry-content-wrapper clearfix'><\/div><\/div><\/div><!-- close content main div --><\/div><\/div><div id='av_section_5' class='avia-section main_color avia-section-large avia-no-shadow avia-full-stretch avia-bg-style-fixed  container_wrap sidebar_right' style = 'background-repeat: no-repeat; background-image: url(https:\/\/grcconsultoria.eng.br\/wp-content\/uploads\/2013\/06\/fundo01.jpg); background-attachment: fixed; background-position: top left; ' data-section-bg-repeat='stretch' ><div class='container' ><div class='template-page content  av-content-small alpha units'><div class='post-entry post-entry-type-page post-entry-2251'><div class='entry-content-wrapper clearfix'>\n<div style='height:100px' class='hr hr-invisible '><span class='hr-inner ' ><span class='hr-inner-style'><\/span><\/span><\/div>\n<\/div><\/div><\/div><!-- close content main div --><\/div><\/div><div id='after_section_5' class='main_color av_default_container_wrap container_wrap sidebar_right'   ><div class='container' ><div class='template-page content  av-content-small alpha units'><div class='post-entry post-entry-type-page post-entry-2251'><div class='entry-content-wrapper clearfix'><\/div><\/div><\/div><!-- close content main div --><\/div><\/div><div id='av_section_6' class='avia-section main_color avia-section-large avia-no-shadow avia-bg-style-scroll  container_wrap sidebar_right' style = 'background-color: #ffffff; background-color: #ffffff; '  ><div class='container' ><div class='template-page content  av-content-small alpha units'><div class='post-entry post-entry-type-page post-entry-2251'><div class='entry-content-wrapper clearfix'>\n<section class=\"av_textblock_section\"  itemscope=\"itemscope\" itemtype=\"https:\/\/schema.org\/CreativeWork\" ><div class='avia_textblock '   itemprop=\"text\" ><h2 style=\"text-align: center;\">Nossos Parceiros<\/h2>\n<\/div><\/section>\n<div  data-autoplay='false'  data-interval='5'  data-animation='fade'  class='avia-logo-element-container av-border-deactivate avia-logo-slider avia-content-slider avia-smallarrow-slider avia-content-slider-active noHover avia-content-slider1 avia-content-slider-odd ' ><div class='avia-smallarrow-slider-heading  no-logo-slider-heading '><div class='new-special-heading'>&nbsp;<\/div><\/div><div class='avia-content-slider-inner'><div class='slide-entry-wrap'  itemscope=\"itemscope\" itemtype=\"https:\/\/schema.org\/ImageObject\" ><div  class='slide-entry flex_column no_margin post-entry slide-entry-overview slide-loop-1 slide-parity-odd  av_one_fifth first real-thumbnail'><a href='http:\/\/www.celpe.com.br' data-rel='slide-1' class='slide-image' title=''  target=\"_blank\"  ><img  itemprop=\"contentURL\"  width=\"259\" height=\"195\" src=\"https:\/\/grcconsultoria.eng.br\/wp-content\/uploads\/2021\/02\/Celpe.jpeg\" class=\"attachment-medium size-medium\" alt=\"\" decoding=\"async\" loading=\"lazy\" \/><\/a><\/div><div  class='slide-entry flex_column no_margin post-entry slide-entry-overview slide-loop-2 slide-parity-even  av_one_fifth  real-thumbnail'><img  itemprop=\"contentURL\"  width=\"252\" height=\"200\" src=\"https:\/\/grcconsultoria.eng.br\/wp-content\/uploads\/2021\/02\/Marilux.jpeg\" class=\"attachment-medium size-medium\" alt=\"\" decoding=\"async\" loading=\"lazy\" \/><\/div><div  class='slide-entry flex_column no_margin post-entry slide-entry-overview slide-loop-3 slide-parity-odd  av_one_fifth  real-thumbnail'><a href='http:\/\/www.elektro.com.br' data-rel='slide-1' class='slide-image' title=''  target=\"_blank\"  ><img  itemprop=\"contentURL\"  width=\"275\" height=\"183\" src=\"https:\/\/grcconsultoria.eng.br\/wp-content\/uploads\/2021\/02\/Elektro-1.jpeg\" class=\"attachment-medium size-medium\" alt=\"\" decoding=\"async\" loading=\"lazy\" \/><\/a><\/div><div  class='slide-entry flex_column no_margin post-entry slide-entry-overview slide-loop-4 slide-parity-even  av_one_fifth  real-thumbnail'><img  itemprop=\"contentURL\"  width=\"280\" height=\"180\" src=\"https:\/\/grcconsultoria.eng.br\/wp-content\/uploads\/2021\/02\/Sebrae.png\" class=\"attachment-medium size-medium\" alt=\"\" decoding=\"async\" loading=\"lazy\" \/><\/div><div  class='slide-entry flex_column no_margin post-entry slide-entry-overview slide-loop-5 slide-parity-odd  post-entry-last  av_one_fifth  real-thumbnail'><img  itemprop=\"contentURL\"  width=\"255\" height=\"198\" src=\"https:\/\/grcconsultoria.eng.br\/wp-content\/uploads\/2021\/02\/Cosern.jpeg\" class=\"attachment-medium size-medium\" alt=\"\" decoding=\"async\" loading=\"lazy\" \/><\/div><\/div><\/div><\/div>\n<\/div><\/div><\/div><!-- close content main div --><\/div><\/div><div id='after_section_6' class='main_color av_default_container_wrap container_wrap sidebar_right'   ><div class='container' ><div class='template-page content  av-content-small alpha units'><div class='post-entry post-entry-type-page post-entry-2251'><div class='entry-content-wrapper clearfix'><\/p>\n","protected":false},"excerpt":{"rendered":"","protected":false},"author":1,"featured_media":0,"parent":0,"menu_order":0,"comment_status":"open","ping_status":"open","template":"","meta":[],"_links":{"self":[{"href":"https:\/\/grcconsultoria.eng.br\/index.php?rest_route=\/wp\/v2\/pages\/2251"}],"collection":[{"href":"https:\/\/grcconsultoria.eng.br\/index.php?rest_route=\/wp\/v2\/pages"}],"about":[{"href":"https:\/\/grcconsultoria.eng.br\/index.php?rest_route=\/wp\/v2\/types\/page"}],"author":[{"embeddable":true,"href":"https:\/\/grcconsultoria.eng.br\/index.php?rest_route=\/wp\/v2\/users\/1"}],"replies":[{"embeddable":true,"href":"https:\/\/grcconsultoria.eng.br\/index.php?rest_route=%2Fwp%2Fv2%2Fcomments&post=2251"}],"version-history":[{"count":54,"href":"https:\/\/grcconsultoria.eng.br\/index.php?rest_route=\/wp\/v2\/pages\/2251\/revisions"}],"predecessor-version":[{"id":3451,"href":"https:\/\/grcconsultoria.eng.br\/index.php?rest_route=\/wp\/v2\/pages\/2251\/revisions\/3451"}],"wp:attachment":[{"href":"https:\/\/grcconsultoria.eng.br\/index.php?rest_route=%2Fwp%2Fv2%2Fmedia&parent=2251"}],"curies":[{"name":"wp","href":"https:\/\/api.w.org\/{rel}","templated":true}]}}