{"id":1195,"date":"2013-04-05T16:38:18","date_gmt":"2013-04-05T16:38:18","guid":{"rendered":"http:\/\/www.kriesi.at\/themes\/enfold\/?page_id=1195"},"modified":"2017-01-06T13:57:57","modified_gmt":"2017-01-06T13:57:57","slug":"about-us","status":"publish","type":"page","link":"https:\/\/grcconsultoria.eng.br\/?page_id=1195","title":{"rendered":"Quem Somos"},"content":{"rendered":"<div  class='hr hr-short hr-center '><span class='hr-inner ' ><span class='hr-inner-style'><\/span><\/span><\/div>\n<\/div><\/div><\/div><!-- close content main div --><\/div><\/div><div id='about-us' class='avia-section alternate_color avia-section-large avia-shadow avia-bg-style-scroll  container_wrap sidebar_right'   ><div class='container' ><div class='template-page content  av-content-small alpha units'><div class='post-entry post-entry-type-page post-entry-1195'><div class='entry-content-wrapper clearfix'>\n<div class=\"flex_column av_one_half  flex_column_div first  \" ><section class=\"av_textblock_section\"  itemscope=\"itemscope\" itemtype=\"https:\/\/schema.org\/CreativeWork\" ><div class='avia_textblock '   itemprop=\"text\" ><h2 style=\"text-align: right;\">Quem Somos<\/h2>\n<\/div><\/section><br \/>\n<div  class='hr hr-short hr-right '><span class='hr-inner ' ><span class='hr-inner-style'><\/span><\/span><\/div><br \/>\n<section class=\"av_textblock_section\"  itemscope=\"itemscope\" itemtype=\"https:\/\/schema.org\/CreativeWork\" ><div class='avia_textblock '   itemprop=\"text\" ><p style=\"text-align: right;\">A GRC Consultoria &amp; Treinamento \u00e9 uma iniciativa do Engenheiro Rondinelli C\u00e2ndido, que visa auxiliar empresas e profissionais no planejamento e administra\u00e7\u00e3o de projetos, contribuindo para o seu crescimento e a conquista de um espa\u00e7o de destaque no mercado.<\/p>\n<p style=\"text-align: right;\">Organizada em duas frentes, a GRC atua junto a empresas, profissionais e acad\u00eamicos, seja atrav\u00e9s de consultorias, seja atrav\u00e9s das capacita\u00e7\u00f5es profissionais.<\/p>\n<p style=\"text-align: right;\">Conhe\u00e7a mais sobre a GRC Consultoria e Treinamento!<\/p>\n<\/div><\/section><br \/>\n<div  class='hr hr-short hr-right '><span class='hr-inner ' ><span class='hr-inner-style'><\/span><\/span><\/div><\/p><\/div><div class=\"flex_column av_one_half  flex_column_div av-zero-column-padding   \" style='border-radius:0px; '><div class='avia-image-container avia_animated_image avia_animate_when_almost_visible fade-in av-styling-   avia-align-center '  itemscope=\"itemscope\" itemtype=\"https:\/\/schema.org\/ImageObject\"  ><div class='avia-image-container-inner'><img class='avia_image ' src='https:\/\/grcconsultoria.eng.br\/wp-content\/uploads\/2017\/01\/Logo-GRC.png' alt='' title='Logo-GRC'   itemprop=\"contentURL\"  \/><\/div><\/div><\/div><\/div><\/div><\/div><!-- close content main div --><\/div><\/div><div id='after_section_1' class='main_color av_default_container_wrap container_wrap sidebar_right'   ><div class='container' ><div class='template-page content  av-content-small alpha units'><div class='post-entry post-entry-type-page post-entry-1195'><div class='entry-content-wrapper clearfix'>\n","protected":false},"excerpt":{"rendered":"","protected":false},"author":1,"featured_media":0,"parent":0,"menu_order":0,"comment_status":"open","ping_status":"open","template":"","meta":[],"_links":{"self":[{"href":"https:\/\/grcconsultoria.eng.br\/index.php?rest_route=\/wp\/v2\/pages\/1195"}],"collection":[{"href":"https:\/\/grcconsultoria.eng.br\/index.php?rest_route=\/wp\/v2\/pages"}],"about":[{"href":"https:\/\/grcconsultoria.eng.br\/index.php?rest_route=\/wp\/v2\/types\/page"}],"author":[{"embeddable":true,"href":"https:\/\/grcconsultoria.eng.br\/index.php?rest_route=\/wp\/v2\/users\/1"}],"replies":[{"embeddable":true,"href":"https:\/\/grcconsultoria.eng.br\/index.php?rest_route=%2Fwp%2Fv2%2Fcomments&post=1195"}],"version-history":[{"count":7,"href":"https:\/\/grcconsultoria.eng.br\/index.php?rest_route=\/wp\/v2\/pages\/1195\/revisions"}],"predecessor-version":[{"id":3310,"href":"https:\/\/grcconsultoria.eng.br\/index.php?rest_route=\/wp\/v2\/pages\/1195\/revisions\/3310"}],"wp:attachment":[{"href":"https:\/\/grcconsultoria.eng.br\/index.php?rest_route=%2Fwp%2Fv2%2Fmedia&parent=1195"}],"curies":[{"name":"wp","href":"https:\/\/api.w.org\/{rel}","templated":true}]}}